{"id":179,"date":"2023-03-24T08:38:10","date_gmt":"2023-03-24T08:38:10","guid":{"rendered":"http:\/\/nuovositocpp.ch\/?page_id=179"},"modified":"2026-01-23T10:20:28","modified_gmt":"2026-01-23T10:20:28","slug":"certificazione-linguistica","status":"publish","type":"page","link":"https:\/\/cppbellinzona.ch\/?page_id=179","title":{"rendered":"DELF\/DALF\/GR"},"content":{"rendered":"<p>[et_pb_section fb_built=&#8221;1&#8243; _builder_version=&#8221;4.18.0&#8243; _module_preset=&#8221;default&#8221; background_color=&#8221;#d0c7b3&#8243; height=&#8221;360px&#8221; custom_padding=&#8221;0px|||0px|false|false&#8221; locked=&#8221;off&#8221; global_colors_info=&#8221;{}&#8221;][et_pb_row _builder_version=&#8221;4.18.0&#8243; _module_preset=&#8221;default&#8221; width=&#8221;100%&#8221; max_width=&#8221;2008px&#8221; module_alignment=&#8221;center&#8221; height=&#8221;616px&#8221; custom_margin=&#8221;0px|||0px|false|false&#8221; custom_padding=&#8221;0px|||0px|false|false&#8221; global_colors_info=&#8221;{}&#8221;][et_pb_column type=&#8221;4_4&#8243; _builder_version=&#8221;4.18.0&#8243; _module_preset=&#8221;default&#8221; global_colors_info=&#8221;{}&#8221;][et_pb_slider _builder_version=&#8221;4.21.0&#8243; _module_preset=&#8221;default&#8221; height=&#8221;360px&#8221; locked=&#8221;off&#8221; global_colors_info=&#8221;{}&#8221;][et_pb_slide heading=&#8221;Iscrizioni aperte&#8221; _builder_version=&#8221;4.21.0&#8243; _module_preset=&#8221;default&#8221; header_level=&#8221;h1&#8243; header_font=&#8221;|700|||||||&#8221; header_text_color=&#8221;#FFFFFF&#8221; background_image=&#8221;http:\/\/cppbellinzona.ch\/wp-content\/uploads\/2023\/05\/delfdalf_3_N.jpg&#8221; background_enable_image=&#8221;on&#8221; custom_padding=&#8221;0px|0px|0px|0px|false|false&#8221; locked=&#8221;off&#8221; global_colors_info=&#8221;{}&#8221; sticky_transition=&#8221;on&#8221;][\/et_pb_slide][et_pb_slide _builder_version=&#8221;4.20.4&#8243; _module_preset=&#8221;default&#8221; background_image=&#8221;http:\/\/cppbellinzona.ch\/wp-content\/uploads\/2023\/05\/delfdalf_1_N.jpg&#8221; background_enable_image=&#8221;on&#8221; locked=&#8221;off&#8221; global_colors_info=&#8221;{}&#8221; sticky_transition=&#8221;on&#8221;][\/et_pb_slide][\/et_pb_slider][\/et_pb_column][\/et_pb_row][\/et_pb_section][et_pb_section fb_built=&#8221;1&#8243; _builder_version=&#8221;4.19.5&#8243; custom_margin=&#8221;0px|||0px|false|false&#8221; custom_padding=&#8221;0px||||false|false&#8221; global_colors_info=&#8221;{}&#8221;][et_pb_row column_structure=&#8221;2_3,1_3&#8243; _builder_version=&#8221;4.19.5&#8243; background_size=&#8221;initial&#8221; background_position=&#8221;top_left&#8221; background_repeat=&#8221;repeat&#8221; global_colors_info=&#8221;{}&#8221;][et_pb_column type=&#8221;2_3&#8243; _builder_version=&#8221;4.16&#8243; custom_padding=&#8221;|||&#8221; global_colors_info=&#8221;{}&#8221; custom_padding__hover=&#8221;|||&#8221;][et_pb_text _builder_version=&#8221;4.19.5&#8243; background_size=&#8221;initial&#8221; background_position=&#8221;top_left&#8221; background_repeat=&#8221;repeat&#8221; global_colors_info=&#8221;{}&#8221;]<\/p>\n<h4><strong>Centro d\u2019esame DELF DALF per il Ticino e i Grigioni<\/strong><\/h4>\n<h4><strong><\/strong><\/h4>\n<p><strong><\/strong><strong>Cos\u2019\u00e8 il DELF e il DALF<br \/><\/strong>I diplomi DELF e DALF permettono di ottenere sei diplomi indipendenti di difficolt\u00e0 progressiva i quali corrispondono ai sei livelli del Quadro Comune Europeo di Riferimento per le Lingue (QCERL) elaborato dal Consiglio d\u2019Europa. I diplomi, rilasciati dal Ministero francese dell\u2019Educazione Nazionale si dividono in DELF (Diploma di Studi in lingua francese) che comprende i primi quattro livelli di competenza dal pi\u00f9 basso al pi\u00f9 alto (A1, A2, B1 a B2) mentre il DALF (Diploma approfondito di Lingua francese) abbraccia gli ultimi due livelli, i pi\u00f9 avanzati (C1 e C2). Questi diplomi riconosciuti a livello internazionale e senza scadenza, servono a certificare competenze in lingua francese. Il francese \u00e8 parlato da oltre 300 milioni di persone nel mondo ed \u00e8 lingua delle grandi organizzazioni internazionali (ONU, Unesco..), dell\u2019unione Europea e dell\u2019Unione Africana.<\/p>\n<p style=\"text-align: justify;\"><strong>Ad ogni livello il suo diploma<br \/><\/strong><br \/><strong>DELF A2 \u2013 livello elementare<\/strong><br \/>Il candidato riesce a comprendere frasi isolate ed espressioni di uso frequente relative ad ambiti di immediata rilevanza (ad es. informazioni di base sulla persona e sulla famiglia, acquisti, geografia locale, lavoro). Riesce a comunicare in attivit\u00e0 semplici e di routine che richiedono solo uno scambio di informazioni semplice e diretto su argomenti familiari e abituali. Riesce a descrivere in termini semplici aspetti del proprio vissuto e del proprio ambiente ed elementi che si riferiscono a bisogni immediati.<\/p>\n<p style=\"text-align: justify;\"><strong>DELF B1, livello intermedio<\/strong><br \/>Il candidato \u00e8 in grado di comprendere i punti essenziali di messaggi chiari in lingua standard su argomenti familiari che affronta normalmente al lavoro, a scuola, nel tempo libero ecc. Se la cava in molte situazioni che si possono presentare viaggiando in una regione dove si parla la lingua in questione. Sa produrre testi semplici e coerenti su argomenti che gli siano familiari o siano di suo interesse. \u00c8 in grado di descrivere esperienze e avvenimenti, sogni, speranze, ambizioni, di esporre brevemente ragioni e dare spiegazioni su opinioni e progetti.<\/p>\n<p style=\"text-align: justify;\"><strong>DELF B2, livello di indipendenza<\/strong><br \/>Il candidato \u00e8 in grado di comprendere le idee fondamentali di testi complessi su argomenti sia concreti sia astratti, comprese le discussioni tecniche nel proprio settore di specializzazione. \u00c8 in grado di interagire con relativa scioltezza e spontaneit\u00e0, tanto che l\u2019interazione con un parlante nativo si sviluppa senza eccessiva fatica e tensione. Sa produrre testi chiari e articolati su un\u2019ampia gamma di argomenti e esprimere un\u2019opinione su un argomento d\u2019attualit\u00e0, esponendo i pro e i contro delle diverse opzioni.<\/p>\n<p style=\"text-align: justify;\"><strong>DALF C1 livello avanzato<\/strong><br \/>Il candidato \u00e8 in grado di comprendere un\u2019ampia gamma di testi complessi e piuttosto lunghi e ne sa ricavare anche il significato implicito. Si esprime in modo scorrevole e spontaneo, senza un eccessivo sforzo per cercare le parole. Usa la lingua in modo flessibile ed efficace per scopi sociali, accademici e professionali. Sa produrre testi chiari, ben strutturati e articolati su argomenti complessi, mostrando di saper controllare le strutture discorsive, i connettivi e i meccanismi di coesione.<\/p>\n<p><!-- \/divi:paragraph --><\/p>\n<p>[\/et_pb_text][\/et_pb_column][et_pb_column type=&#8221;1_3&#8243; _builder_version=&#8221;4.16&#8243; custom_padding=&#8221;|||&#8221; global_colors_info=&#8221;{}&#8221; custom_padding__hover=&#8221;|||&#8221;][et_pb_text _builder_version=&#8221;4.27.5&#8243; _module_preset=&#8221;default&#8221; global_colors_info=&#8221;{}&#8221;]<\/p>\n<h4><span style=\"color: #ffffff;\"><strong><br \/>&#8211;<\/strong><\/span><\/h4>\n<p><span style=\"color: #ffffff;\"><strong><\/strong><\/span><\/p>\n<p><strong>Per maggiori informazioni<\/strong><\/p>\n<p><strong>DELF A2<br \/><\/strong><a href=\"https:\/\/www.delfdalf.ch\/delf-a2\" style=\"font-size: 14px;\" target=\"_blank\" rel=\"noopener\">https:\/\/www.delfdalf.ch\/delf-a2<\/a><\/p>\n<p><strong>DELF B1<br \/><\/strong><a href=\"https:\/\/www.delfdalf.ch\/delf-b1\" style=\"font-size: 14px;\" target=\"_blank\" rel=\"noopener\">https:\/\/www.delfdalf.ch\/delf-b1<\/a><\/p>\n<p><strong>DELF B2<br \/><\/strong><a href=\"https:\/\/www.delfdalf.ch\/delf-b2\" style=\"font-size: 14px;\" target=\"_blank\" rel=\"noopener\">https:\/\/www.delfdalf.ch\/delf-b2<\/a><\/p>\n<p><span><strong>DALF C1<br \/><\/strong><\/span><a href=\"https:\/\/www.delfdalf.ch\/dalf-c1\" style=\"font-size: 14px;\" target=\"_blank\" rel=\"noopener\">https:\/\/www.delfdalf.ch\/dalf-c1<\/a><\/p>\n<p>SESSIONI D&#8217;ESAME<span style=\"background-color: #ffffff; font-size: 14px;\">\u00a0<\/span><span style=\"background-color: #ffffff; font-size: 14px;\">marzo, giugno e novembre <\/span><span style=\"font-size: 14px;\">Esami proposti A2, B1, B2 e C1<\/span><\/p>\n<p>SESSIONE straordinaria<br \/>Settembre 2026 &#8211; Universit\u00e0 della Svizzera italiana, esami proposti A1 e C2<br \/><span style=\"font-size: 14px;\"><\/span><\/p>\n<p>Per iscriversi: <a href=\"http:\/\/www.delfdalf.ch\/inscriptions\" target=\"_blank\" rel=\"noopener\">www.delfdalf.ch\/inscriptions<\/a><\/p>\n<p><strong><\/strong><\/p>\n<p><strong>Contattaci e richiedi maggiori informazioni sulle\u00a0certificazioni di lingua francese DELF e DALF.<\/strong><\/p>\n<p>Segreteria: <a href=\"mailto:delfdalf@cppbellinzona.ch\">delfdalf@cppbellinzona.ch<\/a><\/p>\n<p>Sabina Campi Parisi:\u00a0 <a href=\"mailto:sabina.campi@edu.ti.ch\">sabina.campi@edu.ti.ch<\/a><\/p>\n<p>Gilbert Dalmas: <a href=\"mailto:gilbert.dalmas@bluewin.ch\">gilbert.dalmas@bluewin.ch<\/a><\/p>\n<p><strong><br \/>CORSI DI PREPARAZIONE ALL&#8217;ESAME DELF B2<br \/><\/strong>Offriamo corsi di preparazione per l&#8217;esame <strong>DELF B2 su richiesta<\/strong> o al raggiungimento di un minimo di <strong>10 partecipanti<\/strong>.<\/p>\n<p>I corsi, generalmente, vengono organizzati in prossimit\u00e0 delle sessioni d&#8217;esame ufficiali di <strong>marzo, giugno e novembre<\/strong>, compatibilmente con il numero di iscritti.<\/p>\n<p><strong>Contattaci per maggiori informazioni<\/strong> e per verificare la disponibilit\u00e0 del prossimo corso.<\/p>\n<p>[\/et_pb_text][\/et_pb_column][\/et_pb_row][\/et_pb_section]<\/p>\n","protected":false},"excerpt":{"rendered":"<p>Centro d\u2019esame DELF DALF per il Ticino e i Grigioni Cos\u2019\u00e8 il DELF e il DALFI diplomi DELF e DALF permettono di ottenere sei diplomi indipendenti di difficolt\u00e0 progressiva i quali corrispondono ai sei livelli del Quadro Comune Europeo di Riferimento per le Lingue (QCERL) elaborato dal Consiglio d\u2019Europa. I diplomi, rilasciati dal Ministero francese [&hellip;]<\/p>\n","protected":false},"author":3,"featured_media":0,"parent":2,"menu_order":0,"comment_status":"closed","ping_status":"closed","template":"","meta":{"_et_pb_use_builder":"on","_et_pb_old_content":"","_et_gb_content_width":"","footnotes":""},"class_list":["post-179","page","type-page","status-publish","hentry"],"_links":{"self":[{"href":"https:\/\/cppbellinzona.ch\/index.php?rest_route=\/wp\/v2\/pages\/179","targetHints":{"allow":["GET"]}}],"collection":[{"href":"https:\/\/cppbellinzona.ch\/index.php?rest_route=\/wp\/v2\/pages"}],"about":[{"href":"https:\/\/cppbellinzona.ch\/index.php?rest_route=\/wp\/v2\/types\/page"}],"author":[{"embeddable":true,"href":"https:\/\/cppbellinzona.ch\/index.php?rest_route=\/wp\/v2\/users\/3"}],"replies":[{"embeddable":true,"href":"https:\/\/cppbellinzona.ch\/index.php?rest_route=%2Fwp%2Fv2%2Fcomments&post=179"}],"version-history":[{"count":34,"href":"https:\/\/cppbellinzona.ch\/index.php?rest_route=\/wp\/v2\/pages\/179\/revisions"}],"predecessor-version":[{"id":1077,"href":"https:\/\/cppbellinzona.ch\/index.php?rest_route=\/wp\/v2\/pages\/179\/revisions\/1077"}],"up":[{"embeddable":true,"href":"https:\/\/cppbellinzona.ch\/index.php?rest_route=\/wp\/v2\/pages\/2"}],"wp:attachment":[{"href":"https:\/\/cppbellinzona.ch\/index.php?rest_route=%2Fwp%2Fv2%2Fmedia&parent=179"}],"curies":[{"name":"wp","href":"https:\/\/api.w.org\/{rel}","templated":true}]}}