{"id":153,"date":"2022-12-21T12:41:59","date_gmt":"2022-12-21T12:41:59","guid":{"rendered":"http:\/\/nuovositocpp.ch\/?page_id=153"},"modified":"2026-03-23T15:33:55","modified_gmt":"2026-03-23T15:33:55","slug":"specialista-in-finanza-e-contabilita","status":"publish","type":"page","link":"https:\/\/cppbellinzona.ch\/?page_id=153","title":{"rendered":"Specialista in finanza e contabilit\u00e0"},"content":{"rendered":"<p>[et_pb_section fb_built=&#8221;1&#8243; _builder_version=&#8221;4.18.0&#8243; _module_preset=&#8221;default&#8221; background_color=&#8221;#d0c7b3&#8243; height=&#8221;360px&#8221; custom_padding=&#8221;0px|||0px|false|false&#8221; locked=&#8221;off&#8221; global_colors_info=&#8221;{}&#8221;][et_pb_row _builder_version=&#8221;4.20.4&#8243; _module_preset=&#8221;default&#8221; background_image=&#8221;http:\/\/cppbellinzona.ch\/wp-content\/uploads\/2022\/12\/home_cpp_2.jpg&#8221; width=&#8221;100%&#8221; max_width=&#8221;2008px&#8221; module_alignment=&#8221;center&#8221; height=&#8221;616px&#8221; custom_margin=&#8221;0px|||0px|false|false&#8221; custom_padding=&#8221;0px|||0px|false|false&#8221; global_colors_info=&#8221;{}&#8221;][et_pb_column type=&#8221;4_4&#8243; _builder_version=&#8221;4.18.0&#8243; _module_preset=&#8221;default&#8221; global_colors_info=&#8221;{}&#8221;][et_pb_slider _builder_version=&#8221;4.20.4&#8243; _module_preset=&#8221;default&#8221; height=&#8221;360px&#8221; locked=&#8221;off&#8221; global_colors_info=&#8221;{}&#8221;][et_pb_slide heading=&#8221;Iscrizioni aperte&#8221; _builder_version=&#8221;4.20.4&#8243; _module_preset=&#8221;default&#8221; header_level=&#8221;h1&#8243; header_font=&#8221;|700|||||||&#8221; header_text_color=&#8221;#FFFFFF&#8221; background_image=&#8221;http:\/\/cppbellinzona.ch\/wp-content\/uploads\/2023\/05\/Specialista_2_N.jpg&#8221; background_enable_image=&#8221;on&#8221; custom_padding=&#8221;0px|0px|0px|0px|false|false&#8221; locked=&#8221;off&#8221; global_colors_info=&#8221;{}&#8221; sticky_transition=&#8221;on&#8221;][\/et_pb_slide][et_pb_slide _builder_version=&#8221;4.20.4&#8243; _module_preset=&#8221;default&#8221; background_image=&#8221;http:\/\/cppbellinzona.ch\/wp-content\/uploads\/2022\/12\/home_cpp_1.jpg&#8221; background_enable_image=&#8221;on&#8221; locked=&#8221;off&#8221; global_colors_info=&#8221;{}&#8221; sticky_transition=&#8221;on&#8221;][\/et_pb_slide][\/et_pb_slider][\/et_pb_column][\/et_pb_row][\/et_pb_section][et_pb_section fb_built=&#8221;1&#8243; _builder_version=&#8221;4.19.5&#8243; custom_margin=&#8221;0px|||0px|false|false&#8221; custom_padding=&#8221;0px|||0px|false|false&#8221; locked=&#8221;off&#8221; global_colors_info=&#8221;{}&#8221;][et_pb_row column_structure=&#8221;2_3,1_3&#8243; _builder_version=&#8221;4.16&#8243; background_size=&#8221;initial&#8221; background_position=&#8221;top_left&#8221; background_repeat=&#8221;repeat&#8221; global_colors_info=&#8221;{}&#8221;][et_pb_column type=&#8221;2_3&#8243; _builder_version=&#8221;4.16&#8243; custom_padding=&#8221;|||&#8221; global_colors_info=&#8221;{}&#8221; custom_padding__hover=&#8221;|||&#8221;][et_pb_text _builder_version=&#8221;4.27.3&#8243; background_size=&#8221;initial&#8221; background_position=&#8221;top_left&#8221; background_repeat=&#8221;repeat&#8221; global_colors_info=&#8221;{}&#8221;]<\/p>\n<h4><strong>Corso di preparazione all\u2019esame federale di Specialista in finanza e contabilit\u00e0<\/strong><\/h4>\n<p style=\"text-align: justify;\"><strong><br \/>Generalit\u00e0<br \/><\/strong>L\u2019obiettivo principale del corso consiste nel preparare adeguatamente i candidati, secondo le relative direttive, in modo tale che possano sostenere l\u2019esame federale. L\u2019obiettivo subordinato \u00e8 quello di offrire ai candidati (che non intendono presentarsi all\u2019esame federale) una qualificata possibilit\u00e0 di post-formazione, di formazione continua e di aggiornamento.<\/p>\n<p style=\"text-align: justify;\"><strong>Ammissione<br \/><\/strong>Di regola i requisiti per l&#8217;ammissione al corso di preparazione sono gli stessi richiesti per l&#8217;iscrizione all&#8217;esame federale. Possono essere fatte eccezioni per i candidati che maturano l\u2019esperienza professionale durante il percorso formativo oppure per coloro che intendono seguire il corso, ma non intendono iscriversi all&#8217;esame finale.<\/p>\n<p>All\u2019esame sono ammessi i candidati che<\/p>\n<p>a) sono in possesso dei seguenti titoli di studio:<\/p>\n<ul>\n<li style=\"list-style-type: none;\">\n<ul>\n<li style=\"text-align: justify;\">attestato federale di capacit\u00e0 (AFC), maturit\u00e0 liceale, maturit\u00e0 professionale, maturit\u00e0 specializzata, certificato di scuola specializzata;<\/li>\n<li style=\"text-align: justify;\">certificato o diploma di collaboratore qualificato in contabilit\u00e0 riconosciuto dalla commissione d\u2019esame;<\/li>\n<li style=\"text-align: justify;\">attestato professionale di un esame professionale oppure diploma di un esame professionale;<\/li>\n<li style=\"text-align: justify;\">diploma di una scuola professionale superiore, di una scuola universitaria professionale o di una scuola universitaria;<\/li>\n<\/ul>\n<\/li>\n<\/ul>\n<p>Chi non dispone di uno dei titoli di studio sopra elencati, pu\u00f2 comunque essere ammesso all\u2019esame a condizione che possa dimostrare una pratica professionale di durata doppia.<\/p>\n<p>b) possono comprovare una pratica professionale (attivit\u00e0 nell\u2019ambito della contabilit\u00e0):<\/p>\n<ul>\n<li style=\"list-style-type: none;\">\n<ul>\n<li>di 3 anni con un grado di occupazione almeno dall\u201980%. In caso di impiego a tempo parziale inferiore all\u201980%, il calcolo viene fatto pro-rata.<\/li>\n<\/ul>\n<\/li>\n<\/ul>\n<p><em><u>Il termine stabilito per il computo della pratica professionale \u00e8 il giorno d\u2019inizio dell\u2019esame.<br \/>La pratica professionale viene calcolata dopo il completamento della formazione di base.<\/u><\/em><\/p>\n<p>c) sono in possesso di un diploma di informatica riconosciuto dalla commissione d\u2019esame;<\/p>\n<p>d) hanno completato con successo ed entro i termini stabiliti, il modulo online nel settore conduzione.<\/p>\n<p>Dopo la conferma preliminare dell\u2019ammissione all\u2019esame federale, il modulo (in forma digitale) insieme ai principi base viene inviato ai candidati. Per essere definitivamente ammessi all\u2019esame, il modulo deve essere completato entro il 31 dicembre dell\u2019anno precedente all\u2019esame (gli esami federali si svolgono generalmente a marzo);<\/p>\n<p>e) non presentano alcuna iscrizione nel casellario giudiziale centrale in relazione con l\u2019attivit\u00e0 professionale.<\/p>\n<p>Qualora sussistano dubbi, circa l\u2019adempimento delle condizioni d\u2019esame, \u00e8 possibile richiedere una conferma d\u2019ammissione preventiva sul sito <a href=\"http:\/\/www.examen.ch\">www.examen.ch<\/a>.<\/p>\n<p style=\"text-align: justify;\"><strong>Durata<\/strong><br \/>La durata complessiva del corso \u00e8 di sette semestri. I primi sei si svolgono secondo il calendario scolastico ufficiale del Canton Ticino, mentre l\u2019ultimo semestre, settembre-marzo, \u00e8 dedicato alla ripetizione e all\u2019esercitazione in tutte le materie d\u2019esame affrontate negli anni precedenti.<\/p>\n<p style=\"text-align: justify;\"><strong>Piano delle lezioni<\/strong><br \/>Le lezioni hanno luogo presso la Scuola cantonale di commercio (SCC), di Bellinzona, di regola, due sere la settimana (dalle 18.00 alle 19.45\/20.30) e alcuni sabato mattina (dalle 08.30 alle 11.45). La direzione dei corsi si riserva la possibilit\u00e0 di modificare, per motivi organizzativi e\/o didattici, la frequenza settimanale delle lezioni.<\/p>\n<p style=\"text-align: justify;\"><strong>Metodologia di insegnamento<\/strong><br \/>Lezioni teoriche ed esercitazioni in presenza e in modalit\u00e0 a distanza (oltre l&#8217;80% del totale delle ore del corso \u00e8 fruibile anche modalit\u00e0 online).\u00a0 Un formato misto che permette di seguire il corso sia in aula che a distanza. L\u2019apprendimento autonomo \u00e8 fondamentale per un\u2019adeguata preparazione agli esami, quantificabile approssimativamente in un numero di ore pari almeno alle ore di lezioni previste a calendario. A supporto dell\u2019attivit\u00e0 di apprendimento autonomo, in particolare per quanto riguarda le esercitazioni e la documentazione, il candidato potr\u00e0 usufruire di una piattaforma virtuale, strumento utilizzato anche per la formazione a distanza.<\/p>\n<p><strong>Piano di formazione*<br \/><\/strong>Il piano di formazione coerente con le direttive d\u2019esame prevede 700 -750 ore\/lezioni<em>.<\/em><\/p>\n<p style=\"text-align: justify;\"><strong>Materie d\u2019esame*<br \/><\/strong>L\u2019esame professionale federale e\u0300 costituito da tre parti esaminate divise su 14 ore: contabilit\u00e0 8 ore con ponderazione 3; fiscalit\u00e0 3 ore con ponderazione 1, salari ed assicurazioni sociali 3 ore con ponderazione 1.<\/p>\n<p style=\"text-align: justify;\">*Fanno stato le direttive valide per l\u2019esame professionale di Specialista in finanza e contabilit\u00e0 reperibili al sito <span><a href=\"http:\/\/www.examen.ch\">www.examen.ch<\/a><\/span>.<\/p>\n<p><strong>Titolo<br \/><\/strong>Chi supera l\u2019esame riceve un attestato federale (titolo protetto) rilasciato dalla Segreteria di Stato per la formazione, la ricerca e l\u2019innovazione, SEFRI.<\/p>\n<p>I titolari dell\u2019attestato sono autorizzati a portare il seguente titolo protetto:<\/p>\n<ul>\n<li>Specialista in finanza e contabilit\u00e0 con attestato professionale federale<\/li>\n<li><em>Fachfrau\/Fachmann im Finanz- und Rechnungswesen mit eidg. <\/em><em>Fachausweis<\/em><\/li>\n<li><em>Sp\u00e9cialiste en finance et comptabilit\u00e9 avec brevet f\u00e9d\u00e9ral <\/em><\/li>\n<li>Chartered Specialist in Accounting and Financial Management, Federal Diploma of Higher Education<\/li>\n<\/ul>\n<p style=\"text-align: justify;\"><strong>Profilo professionale<br \/><\/strong>Il titolare dell&#8217;attestato professionale federale possiede conoscenze in tutti gli ambiti della contabilit\u00e0 finanziaria e analitica, inclusi gli aspetti dell\u2019amministrazione del personale relativi alle finanze. In base alla sua formazione teorica approfondita e alla sua esperienza pratica, lo specialista in finanza e contabilit\u00e0 \u00e8 in grado di assumere una funzione dirigenziale in una piccola o media impresa. Nel suo ambito professionale, \u00e8 in grado di applicare, in modo conforme alla pratica, le disposizioni rilevanti nell&#8217;ambito della contabilit\u00e0, della fiscalit\u00e0, del diritto e delle tecniche sulle assicurazioni sociali.<\/p>\n<p>Esempio di possibili impieghi:<\/p>\n<ul>\n<li>responsabile delle finanze e della contabilit\u00e0 in una piccola o media impresa;<\/li>\n<li>direttore\/direttrice commerciale;<\/li>\n<li>attivit\u00e0 qualificate in tutti gli ambiti della contabilit\u00e0 finanziaria e analitica;<\/li>\n<li>compiti di fiduciario.<\/li>\n<\/ul>\n<p style=\"text-align: justify;\">L\u2019esame professionale fornisce le conoscenze di base indispensabili per potersi preparare in futuro agli esami di Esperto(a) diplomato(a) in finanza e controlling, Esperto fiscale, Esperto fiduciario, come pure le conoscenze di base necessarie per altri esami nell&#8217;ambito economico.<\/p>\n<p style=\"text-align: justify;\"><strong>Esame<\/strong><br \/>L\u2019esame ha luogo, di regola, tutti gli anni, durante il mese di aprile sotto la vigilanza della Confederazione.<\/p>\n<p>&nbsp;<\/p>\n<p>&nbsp;<\/p>\n<p><!-- \/divi:paragraph --><\/p>\n<p>[\/et_pb_text][\/et_pb_column][et_pb_column type=&#8221;1_3&#8243; _builder_version=&#8221;4.16&#8243; custom_padding=&#8221;|||&#8221; global_colors_info=&#8221;{}&#8221; custom_padding__hover=&#8221;|||&#8221;][et_pb_text _builder_version=&#8221;4.27.6&#8243; _module_preset=&#8221;default&#8221; hover_enabled=&#8221;0&#8243; global_colors_info=&#8221;{}&#8221; sticky_enabled=&#8221;0&#8243;]<\/p>\n<h4><span style=\"color: #ffffff;\">\u00a0dal 2023Foc-<\/span><\/h4>\n<p style=\"text-align: justify;\"><strong><br \/><strong>Costi della formazione<\/strong><br \/><\/strong>La tassa di frequenza per l&#8217;intero corso ammonta a CHF. 9\u2019170.00.<br \/><em>* dettagli in condizioni generali all&#8217;interno del formulario di iscrizione dell&#8217;anno di riferimento.<\/em><\/p>\n<p><a href=\"http:\/\/cppbellinzona.ch\/wp-content\/uploads\/2024\/12\/Regolamento_Contabili_I_FRW_BP_PO_2023.pdf\" rel=\"attachment noopener wp-att-958\" target=\"_blank\">Regolamento d&#8217;esame<\/a><br \/><a href=\"http:\/\/cppbellinzona.ch\/wp-content\/uploads\/2025\/09\/I_FRW_BP_WL_ab-2026_1.4.pdf\" rel=\"attachment noopener wp-att-1057\" target=\"_blank\">Direttive d&#8217;esame<\/a><\/p>\n<p><strong>Opuscolo informativo<br \/><\/strong><a href=\"http:\/\/cppbellinzona.ch\/wp-content\/uploads\/2026\/03\/Opuscolo-specialista-in-finanza-e-contabilita_compressed.pdf\" rel=\"attachment noopener wp-att-1109\" target=\"_blank\">Opuscolo 2026<\/a><\/p>\n<p><strong> <\/strong><strong><\/strong><strong><\/strong><strong>F<\/strong><strong>ormulario di iscrizione<br \/><\/strong><a href=\"http:\/\/cppbellinzona.ch\/wp-content\/uploads\/2026\/03\/Form_iscr_cont_2026-2030.pdf\" rel=\"attachment noopener wp-att-1097\" target=\"_blank\">Formulario di iscrizione 2026<\/a><\/p>\n<p><strong> <\/strong><strong>Contributo federale ai corsisti<br \/><\/strong><a href=\"https:\/\/www.sbfi.admin.ch\/it\/contributi-federali-per-lo-svolgimento-degli-esami-federali\" target=\"_blank\" class=\"testoa2\" rel=\"noopener\" style=\"font-size: 14px;\">www.sbfi.admin.ch<\/a><br \/><span><\/span><\/p>\n<p>[\/et_pb_text][\/et_pb_column][\/et_pb_row][\/et_pb_section]<\/p>\n","protected":false},"excerpt":{"rendered":"<p>Corso di preparazione all\u2019esame federale di Specialista in finanza e contabilit\u00e0 Generalit\u00e0L\u2019obiettivo principale del corso consiste nel preparare adeguatamente i candidati, secondo le relative direttive, in modo tale che possano sostenere l\u2019esame federale. L\u2019obiettivo subordinato \u00e8 quello di offrire ai candidati (che non intendono presentarsi all\u2019esame federale) una qualificata possibilit\u00e0 di post-formazione, di formazione continua [&hellip;]<\/p>\n","protected":false},"author":3,"featured_media":0,"parent":141,"menu_order":0,"comment_status":"closed","ping_status":"closed","template":"","meta":{"_et_pb_use_builder":"on","_et_pb_old_content":"<!-- wp:paragraph -->\n<p>Testo di prova<\/p>\n<!-- \/wp:paragraph -->\n\n<!-- wp:paragraph -->\n<p>contenuto<\/p>\n<!-- \/wp:paragraph -->","_et_gb_content_width":"","footnotes":""},"class_list":["post-153","page","type-page","status-publish","hentry"],"_links":{"self":[{"href":"https:\/\/cppbellinzona.ch\/index.php?rest_route=\/wp\/v2\/pages\/153","targetHints":{"allow":["GET"]}}],"collection":[{"href":"https:\/\/cppbellinzona.ch\/index.php?rest_route=\/wp\/v2\/pages"}],"about":[{"href":"https:\/\/cppbellinzona.ch\/index.php?rest_route=\/wp\/v2\/types\/page"}],"author":[{"embeddable":true,"href":"https:\/\/cppbellinzona.ch\/index.php?rest_route=\/wp\/v2\/users\/3"}],"replies":[{"embeddable":true,"href":"https:\/\/cppbellinzona.ch\/index.php?rest_route=%2Fwp%2Fv2%2Fcomments&post=153"}],"version-history":[{"count":116,"href":"https:\/\/cppbellinzona.ch\/index.php?rest_route=\/wp\/v2\/pages\/153\/revisions"}],"predecessor-version":[{"id":1110,"href":"https:\/\/cppbellinzona.ch\/index.php?rest_route=\/wp\/v2\/pages\/153\/revisions\/1110"}],"up":[{"embeddable":true,"href":"https:\/\/cppbellinzona.ch\/index.php?rest_route=\/wp\/v2\/pages\/141"}],"wp:attachment":[{"href":"https:\/\/cppbellinzona.ch\/index.php?rest_route=%2Fwp%2Fv2%2Fmedia&parent=153"}],"curies":[{"name":"wp","href":"https:\/\/api.w.org\/{rel}","templated":true}]}}